{"id":42,"date":"2020-03-31T21:18:47","date_gmt":"2020-03-31T19:18:47","guid":{"rendered":"http:\/\/kominycinke.cz\/?page_id=42"},"modified":"2024-06-19T17:23:59","modified_gmt":"2024-06-19T15:23:59","slug":"co-nabizime","status":"publish","type":"page","link":"https:\/\/kominycinke.cz\/","title":{"rendered":"Co nab\u00edz\u00edme?"},"content":{"rendered":"\n<h2 class=\"wp-block-heading\">Tv\u00e1rnicov\u00e9 kom\u00edny<\/h2>\n\n\n\n<p>Tento druh kom\u00ednu je zd\u011bn\u00fd, d\u00e1 se vyu\u017e\u00edt, pokud p\u0159i stavb\u011b\nnen\u00ed \u017e\u00e1dn\u00e1 konstruk\u010dn\u00ed p\u0159ek\u00e1\u017eka nap\u0159: stropn\u00ed nosn\u00edk, nebo tr\u00e1m ve st\u0159e\u0161e.\nKom\u00edn je v\u00e1hov\u011b t\u011b\u017e\u0161\u00ed, proto je nutn\u00e9 stav\u011bt na betonov\u00e9m z\u00e1kladu. Vnit\u0159n\u00ed\nvlo\u017eka m\u016f\u017ee b\u00fdt nap\u0159\u00edklad nerezov\u00e1 nebo \u0161amotov\u00e1. Izolace vlo\u017eky je vkl\u00e1d\u00e1na\nmezi vlo\u017eku a kom\u00ednovou tv\u00e1rnici.<\/p>\n\n\n\n<figure class=\"wp-block-gallery has-nested-images columns-default is-cropped wp-block-gallery-1 is-layout-flex wp-block-gallery-is-layout-flex\">\n<figure class=\"wp-block-image size-large\"><img loading=\"lazy\" decoding=\"async\" width=\"1024\" height=\"768\" data-id=\"99\" src=\"https:\/\/kominycinke.cz\/wp-content\/uploads\/2020\/03\/20150731_115851-1024x768.jpg\" alt=\"\" class=\"wp-image-99\" srcset=\"https:\/\/kominycinke.cz\/wp-content\/uploads\/2020\/03\/20150731_115851-1024x768.jpg 1024w, https:\/\/kominycinke.cz\/wp-content\/uploads\/2020\/03\/20150731_115851-300x225.jpg 300w, https:\/\/kominycinke.cz\/wp-content\/uploads\/2020\/03\/20150731_115851-768x576.jpg 768w, https:\/\/kominycinke.cz\/wp-content\/uploads\/2020\/03\/20150731_115851-1536x1152.jpg 1536w, https:\/\/kominycinke.cz\/wp-content\/uploads\/2020\/03\/20150731_115851-2048x1536.jpg 2048w\" sizes=\"auto, (max-width: 1024px) 100vw, 1024px\" \/><\/figure>\n\n\n\n<figure class=\"wp-block-image size-large\"><img loading=\"lazy\" decoding=\"async\" width=\"1024\" height=\"768\" data-id=\"101\" src=\"https:\/\/kominycinke.cz\/wp-content\/uploads\/2020\/03\/Tv\u00e1rnicov\u00e9-kom\u00edny-1024x768.jpg\" alt=\"\" class=\"wp-image-101\" srcset=\"https:\/\/kominycinke.cz\/wp-content\/uploads\/2020\/03\/Tv\u00e1rnicov\u00e9-kom\u00edny-1024x768.jpg 1024w, https:\/\/kominycinke.cz\/wp-content\/uploads\/2020\/03\/Tv\u00e1rnicov\u00e9-kom\u00edny-300x225.jpg 300w, https:\/\/kominycinke.cz\/wp-content\/uploads\/2020\/03\/Tv\u00e1rnicov\u00e9-kom\u00edny-768x576.jpg 768w, https:\/\/kominycinke.cz\/wp-content\/uploads\/2020\/03\/Tv\u00e1rnicov\u00e9-kom\u00edny-1536x1152.jpg 1536w, https:\/\/kominycinke.cz\/wp-content\/uploads\/2020\/03\/Tv\u00e1rnicov\u00e9-kom\u00edny-2048x1536.jpg 2048w\" sizes=\"auto, (max-width: 1024px) 100vw, 1024px\" \/><\/figure>\n\n\n\n<figure class=\"wp-block-image size-large\"><img loading=\"lazy\" decoding=\"async\" width=\"768\" height=\"1024\" data-id=\"100\" src=\"https:\/\/kominycinke.cz\/wp-content\/uploads\/2020\/03\/P5041485-768x1024.jpg\" alt=\"\" class=\"wp-image-100\" srcset=\"https:\/\/kominycinke.cz\/wp-content\/uploads\/2020\/03\/P5041485-768x1024.jpg 768w, https:\/\/kominycinke.cz\/wp-content\/uploads\/2020\/03\/P5041485-225x300.jpg 225w, https:\/\/kominycinke.cz\/wp-content\/uploads\/2020\/03\/P5041485-1152x1536.jpg 1152w, https:\/\/kominycinke.cz\/wp-content\/uploads\/2020\/03\/P5041485-rotated.jpg 1536w\" sizes=\"auto, (max-width: 768px) 100vw, 768px\" \/><\/figure>\n<\/figure>\n\n\n\n<h2 class=\"wp-block-heading\">T\u0159\u00edvrstv\u00e9 kom\u00edny<\/h2>\n\n\n\n<p>Kom\u00edn se skl\u00e1d\u00e1 z&nbsp;vnit\u0159n\u00ed nerezov\u00e9 vlo\u017eky, tepeln\u00e9 izolace a vn\u011bj\u0161\u00edho pl\u00e1\u0161t\u011b.&nbsp; Vn\u011bj\u0161\u00ed pl\u00e1\u0161\u0165 je tvo\u0159en z&nbsp;plechu. Mo\u017enost v\u00fdb\u011bru materi\u00e1lu vrchn\u00edho pl\u00e1\u0161t\u011b kom\u00ednu nap\u0159: hlin\u00edk, m\u011b\u010f, nerez a dal\u0161\u00ed. Konstrukc\u00ed kom\u00ednu je mo\u017en\u00e9 \u0159e\u0161it konstruk\u010dn\u00ed p\u0159ek\u00e1\u017eka na objektu (\u00fahyby, odskoky apod..) Tento typ kom\u00ednu je lehk\u00fd, proto nen\u00ed nutn\u00e9 \u0159e\u0161it z\u00e1klad pod kom\u00edn.<\/p>\n\n\n\n<figure class=\"wp-block-gallery has-nested-images columns-default is-cropped wp-block-gallery-2 is-layout-flex wp-block-gallery-is-layout-flex\">\n<figure class=\"wp-block-image size-large\"><img loading=\"lazy\" decoding=\"async\" width=\"1024\" height=\"768\" data-id=\"111\" src=\"https:\/\/kominycinke.cz\/wp-content\/uploads\/2020\/03\/srpen-11-a\u017e-b\u0159ezen-12-002-1024x768.jpg\" alt=\"\" class=\"wp-image-111\" srcset=\"https:\/\/kominycinke.cz\/wp-content\/uploads\/2020\/03\/srpen-11-a\u017e-b\u0159ezen-12-002-1024x768.jpg 1024w, https:\/\/kominycinke.cz\/wp-content\/uploads\/2020\/03\/srpen-11-a\u017e-b\u0159ezen-12-002-300x225.jpg 300w, https:\/\/kominycinke.cz\/wp-content\/uploads\/2020\/03\/srpen-11-a\u017e-b\u0159ezen-12-002-768x576.jpg 768w, https:\/\/kominycinke.cz\/wp-content\/uploads\/2020\/03\/srpen-11-a\u017e-b\u0159ezen-12-002-1536x1152.jpg 1536w, https:\/\/kominycinke.cz\/wp-content\/uploads\/2020\/03\/srpen-11-a\u017e-b\u0159ezen-12-002-2048x1536.jpg 2048w\" sizes=\"auto, (max-width: 1024px) 100vw, 1024px\" \/><\/figure>\n\n\n\n<figure class=\"wp-block-image size-large\"><img loading=\"lazy\" decoding=\"async\" width=\"768\" height=\"1024\" data-id=\"109\" src=\"https:\/\/kominycinke.cz\/wp-content\/uploads\/2020\/03\/20150909_161750-1-768x1024.jpg\" alt=\"\" class=\"wp-image-109\" srcset=\"https:\/\/kominycinke.cz\/wp-content\/uploads\/2020\/03\/20150909_161750-1-768x1024.jpg 768w, https:\/\/kominycinke.cz\/wp-content\/uploads\/2020\/03\/20150909_161750-1-225x300.jpg 225w, https:\/\/kominycinke.cz\/wp-content\/uploads\/2020\/03\/20150909_161750-1-1152x1536.jpg 1152w, https:\/\/kominycinke.cz\/wp-content\/uploads\/2020\/03\/20150909_161750-1-1536x2048.jpg 1536w, https:\/\/kominycinke.cz\/wp-content\/uploads\/2020\/03\/20150909_161750-1-rotated.jpg 1920w\" sizes=\"auto, (max-width: 768px) 100vw, 768px\" \/><\/figure>\n\n\n\n<figure class=\"wp-block-image size-large\"><img loading=\"lazy\" decoding=\"async\" width=\"768\" height=\"1024\" data-id=\"110\" src=\"https:\/\/kominycinke.cz\/wp-content\/uploads\/2020\/03\/12102013260-1-768x1024.jpg\" alt=\"\" class=\"wp-image-110\" srcset=\"https:\/\/kominycinke.cz\/wp-content\/uploads\/2020\/03\/12102013260-1-768x1024.jpg 768w, https:\/\/kominycinke.cz\/wp-content\/uploads\/2020\/03\/12102013260-1-225x300.jpg 225w, https:\/\/kominycinke.cz\/wp-content\/uploads\/2020\/03\/12102013260-1-1152x1536.jpg 1152w, https:\/\/kominycinke.cz\/wp-content\/uploads\/2020\/03\/12102013260-1.jpg 1536w\" sizes=\"auto, (max-width: 768px) 100vw, 768px\" \/><\/figure>\n<\/figure>\n\n\n\n<h2 class=\"wp-block-heading\">Pr\u016fmyslov\u00e9 kom\u00edny<\/h2>\n\n\n\n<p>Vlo\u017ekov\u00e1n\u00ed tov\u00e1rn\u00edch kom\u00edn\u016f, v\u00fdstavba voln\u011b stoj\u00edc\u00edch ocelov\u00fdch kom\u00edn\u016f, opravy a \u00fadr\u017eba.<\/p>\n\n\n\n<figure class=\"wp-block-gallery has-nested-images columns-default is-cropped wp-block-gallery-3 is-layout-flex wp-block-gallery-is-layout-flex\">\n<figure class=\"wp-block-image size-large\"><img loading=\"lazy\" decoding=\"async\" width=\"768\" height=\"1024\" data-id=\"107\" src=\"https:\/\/kominycinke.cz\/wp-content\/uploads\/2020\/03\/P8221121-768x1024.jpg\" alt=\"\" class=\"wp-image-107\" srcset=\"https:\/\/kominycinke.cz\/wp-content\/uploads\/2020\/03\/P8221121-768x1024.jpg 768w, https:\/\/kominycinke.cz\/wp-content\/uploads\/2020\/03\/P8221121-225x300.jpg 225w, https:\/\/kominycinke.cz\/wp-content\/uploads\/2020\/03\/P8221121-1152x1536.jpg 1152w, https:\/\/kominycinke.cz\/wp-content\/uploads\/2020\/03\/P8221121.jpg 1536w\" sizes=\"auto, (max-width: 768px) 100vw, 768px\" \/><\/figure>\n\n\n\n<figure class=\"wp-block-image size-large\"><img loading=\"lazy\" decoding=\"async\" width=\"768\" height=\"1024\" data-id=\"106\" src=\"https:\/\/kominycinke.cz\/wp-content\/uploads\/2020\/03\/Pr\u016fmyslov\u00e9-kom\u00edny-768x1024.jpg\" alt=\"\" class=\"wp-image-106\" srcset=\"https:\/\/kominycinke.cz\/wp-content\/uploads\/2020\/03\/Pr\u016fmyslov\u00e9-kom\u00edny-768x1024.jpg 768w, https:\/\/kominycinke.cz\/wp-content\/uploads\/2020\/03\/Pr\u016fmyslov\u00e9-kom\u00edny-225x300.jpg 225w, https:\/\/kominycinke.cz\/wp-content\/uploads\/2020\/03\/Pr\u016fmyslov\u00e9-kom\u00edny-1152x1536.jpg 1152w, https:\/\/kominycinke.cz\/wp-content\/uploads\/2020\/03\/Pr\u016fmyslov\u00e9-kom\u00edny-rotated.jpg 1536w\" sizes=\"auto, (max-width: 768px) 100vw, 768px\" \/><\/figure>\n\n\n\n<figure class=\"wp-block-image size-large\"><img loading=\"lazy\" decoding=\"async\" width=\"768\" height=\"1024\" data-id=\"105\" src=\"https:\/\/kominycinke.cz\/wp-content\/uploads\/2020\/03\/na\u0161e-pr\u00e1ce-007-768x1024.jpg\" alt=\"\" class=\"wp-image-105\" srcset=\"https:\/\/kominycinke.cz\/wp-content\/uploads\/2020\/03\/na\u0161e-pr\u00e1ce-007-768x1024.jpg 768w, https:\/\/kominycinke.cz\/wp-content\/uploads\/2020\/03\/na\u0161e-pr\u00e1ce-007-225x300.jpg 225w, https:\/\/kominycinke.cz\/wp-content\/uploads\/2020\/03\/na\u0161e-pr\u00e1ce-007-1152x1536.jpg 1152w, https:\/\/kominycinke.cz\/wp-content\/uploads\/2020\/03\/na\u0161e-pr\u00e1ce-007-1536x2048.jpg 1536w, https:\/\/kominycinke.cz\/wp-content\/uploads\/2020\/03\/na\u0161e-pr\u00e1ce-007.jpg 1704w\" sizes=\"auto, (max-width: 768px) 100vw, 768px\" \/><\/figure>\n<\/figure>\n\n\n\n<h2 class=\"wp-block-heading\">Fr\u00e9zov\u00e1n\u00ed kom\u00edn\u016f<\/h2>\n\n\n\n<p>Je nezbytn\u00e9 p\u0159i rekonstrukci st\u00e1vaj\u00edc\u00edho kom\u00ednu, kdy je zapot\u0159eb\u00ed zv\u011bt\u0161it pr\u016fm\u011br kom\u00ednov\u00e9ho pr\u016fduchu. Fr\u00e9zov\u00e1n\u00ed je mo\u017en\u00e9 vyu\u017e\u00edt i u siln\u011b zne\u010dist\u011bn\u00fdch kom\u00edn\u016f dehtem.<\/p>\n\n\n\n<h2 class=\"wp-block-heading\">Vlo\u017ekov\u00e1n\u00ed kom\u00edn\u016f<\/h2>\n\n\n\n<p>Vlo\u017ekov\u00e1n\u00ed se vyu\u017e\u00edv\u00e1 p\u0159i rekonstrukci kom\u00ednu, prov\u00e1d\u00ed se pevnou, nebo ohebnou vlo\u017ekou. Podle druhu spot\u0159ebi\u010de lze pou\u017e\u00edt nerezovou nebo plastovou vlo\u017eku.<\/p>\n\n\n\n<figure class=\"wp-block-gallery has-nested-images columns-default is-cropped wp-block-gallery-4 is-layout-flex wp-block-gallery-is-layout-flex\">\n<figure class=\"wp-block-image size-large\"><img loading=\"lazy\" decoding=\"async\" width=\"1024\" height=\"768\" data-id=\"123\" src=\"https:\/\/kominycinke.cz\/wp-content\/uploads\/2020\/04\/Vlo\u017ekov\u00e1n\u00ed-kom\u00ednu2-1024x768.jpg\" alt=\"\" class=\"wp-image-123\" srcset=\"https:\/\/kominycinke.cz\/wp-content\/uploads\/2020\/04\/Vlo\u017ekov\u00e1n\u00ed-kom\u00ednu2-1024x768.jpg 1024w, https:\/\/kominycinke.cz\/wp-content\/uploads\/2020\/04\/Vlo\u017ekov\u00e1n\u00ed-kom\u00ednu2-300x225.jpg 300w, https:\/\/kominycinke.cz\/wp-content\/uploads\/2020\/04\/Vlo\u017ekov\u00e1n\u00ed-kom\u00ednu2-768x576.jpg 768w, https:\/\/kominycinke.cz\/wp-content\/uploads\/2020\/04\/Vlo\u017ekov\u00e1n\u00ed-kom\u00ednu2-1536x1152.jpg 1536w, https:\/\/kominycinke.cz\/wp-content\/uploads\/2020\/04\/Vlo\u017ekov\u00e1n\u00ed-kom\u00ednu2.jpg 2000w\" sizes=\"auto, (max-width: 1024px) 100vw, 1024px\" \/><\/figure>\n<\/figure>\n\n\n\n<h2 class=\"wp-block-heading\">Rozvod tepl\u00e9ho vzduchu<\/h2>\n\n\n\n<p>Je dobrou volbou jak vyu\u017e\u00edt p\u0159ebyte\u010dn\u00e9 teplo, kter\u00e9 se hromad\u00ed nad obezd\u011bnou krbovou vlo\u017ekou. Tepl\u00fd vzduch se d\u00e1 rozv\u00e9st pevn\u00fdm, nebo ohebn\u00fdm potrub\u00edm. <\/p>\n\n\n\n<figure class=\"wp-block-gallery has-nested-images columns-default is-cropped wp-block-gallery-5 is-layout-flex wp-block-gallery-is-layout-flex\">\n<figure class=\"wp-block-image size-large\"><img loading=\"lazy\" decoding=\"async\" width=\"768\" height=\"1024\" data-id=\"125\" src=\"https:\/\/kominycinke.cz\/wp-content\/uploads\/2020\/04\/n4451-022-768x1024.jpg\" alt=\"\" class=\"wp-image-125\" srcset=\"https:\/\/kominycinke.cz\/wp-content\/uploads\/2020\/04\/n4451-022-768x1024.jpg 768w, https:\/\/kominycinke.cz\/wp-content\/uploads\/2020\/04\/n4451-022-225x300.jpg 225w, https:\/\/kominycinke.cz\/wp-content\/uploads\/2020\/04\/n4451-022-1152x1536.jpg 1152w, https:\/\/kominycinke.cz\/wp-content\/uploads\/2020\/04\/n4451-022-1536x2048.jpg 1536w, https:\/\/kominycinke.cz\/wp-content\/uploads\/2020\/04\/n4451-022.jpg 1704w\" sizes=\"auto, (max-width: 768px) 100vw, 768px\" \/><\/figure>\n\n\n\n<figure class=\"wp-block-image size-large\"><img loading=\"lazy\" decoding=\"async\" width=\"1024\" height=\"768\" data-id=\"126\" src=\"https:\/\/kominycinke.cz\/wp-content\/uploads\/2020\/04\/na\u0161e-pr\u00e1ce-003-1024x768.jpg\" alt=\"\" class=\"wp-image-126\" srcset=\"https:\/\/kominycinke.cz\/wp-content\/uploads\/2020\/04\/na\u0161e-pr\u00e1ce-003-1024x768.jpg 1024w, https:\/\/kominycinke.cz\/wp-content\/uploads\/2020\/04\/na\u0161e-pr\u00e1ce-003-300x225.jpg 300w, https:\/\/kominycinke.cz\/wp-content\/uploads\/2020\/04\/na\u0161e-pr\u00e1ce-003-768x576.jpg 768w, https:\/\/kominycinke.cz\/wp-content\/uploads\/2020\/04\/na\u0161e-pr\u00e1ce-003-1536x1152.jpg 1536w, https:\/\/kominycinke.cz\/wp-content\/uploads\/2020\/04\/na\u0161e-pr\u00e1ce-003-2048x1536.jpg 2048w\" sizes=\"auto, (max-width: 1024px) 100vw, 1024px\" \/><\/figure>\n\n\n\n<figure class=\"wp-block-image size-large\"><img loading=\"lazy\" decoding=\"async\" width=\"1024\" height=\"768\" data-id=\"127\" src=\"https:\/\/kominycinke.cz\/wp-content\/uploads\/2020\/04\/na\u0161e-pr\u00e1ce-005-1024x768.jpg\" alt=\"\" class=\"wp-image-127\" srcset=\"https:\/\/kominycinke.cz\/wp-content\/uploads\/2020\/04\/na\u0161e-pr\u00e1ce-005-1024x768.jpg 1024w, https:\/\/kominycinke.cz\/wp-content\/uploads\/2020\/04\/na\u0161e-pr\u00e1ce-005-300x225.jpg 300w, https:\/\/kominycinke.cz\/wp-content\/uploads\/2020\/04\/na\u0161e-pr\u00e1ce-005-768x576.jpg 768w, https:\/\/kominycinke.cz\/wp-content\/uploads\/2020\/04\/na\u0161e-pr\u00e1ce-005-1536x1152.jpg 1536w, https:\/\/kominycinke.cz\/wp-content\/uploads\/2020\/04\/na\u0161e-pr\u00e1ce-005-2048x1536.jpg 2048w\" sizes=\"auto, (max-width: 1024px) 100vw, 1024px\" \/><\/figure>\n<\/figure>\n\n\n\n<h2 class=\"wp-block-heading\">Zaji\u0161t\u011bn\u00ed revize kom\u00edn\u016f a hromosvod\u016f<\/h2>\n\n\n\n<p>Zaji\u0161\u0165ujeme zhotoven\u00ed revizn\u00ed zpr\u00e1vy pro spalinov\u00e9 cesty a revize hromosvodu.<\/p>\n\n\n\n<figure class=\"wp-block-gallery has-nested-images columns-default is-cropped wp-block-gallery-6 is-layout-flex wp-block-gallery-is-layout-flex\">\n<figure class=\"wp-block-image size-large\"><img loading=\"lazy\" decoding=\"async\" width=\"768\" height=\"1024\" data-id=\"128\" src=\"https:\/\/kominycinke.cz\/wp-content\/uploads\/2020\/04\/Revize-a-hromosvody-1-768x1024.jpg\" alt=\"\" class=\"wp-image-128\" srcset=\"https:\/\/kominycinke.cz\/wp-content\/uploads\/2020\/04\/Revize-a-hromosvody-1-768x1024.jpg 768w, https:\/\/kominycinke.cz\/wp-content\/uploads\/2020\/04\/Revize-a-hromosvody-1-225x300.jpg 225w, https:\/\/kominycinke.cz\/wp-content\/uploads\/2020\/04\/Revize-a-hromosvody-1-1152x1536.jpg 1152w, https:\/\/kominycinke.cz\/wp-content\/uploads\/2020\/04\/Revize-a-hromosvody-1.jpg 1536w\" sizes=\"auto, (max-width: 768px) 100vw, 768px\" \/><\/figure>\n<\/figure>\n","protected":false},"excerpt":{"rendered":"<p>Tv\u00e1rnicov\u00e9 kom\u00edny Tento druh kom\u00ednu je zd\u011bn\u00fd, d\u00e1 se vyu\u017e\u00edt, pokud p\u0159i stavb\u011b nen\u00ed \u017e\u00e1dn\u00e1 konstruk\u010dn\u00ed p\u0159ek\u00e1\u017eka nap\u0159: stropn\u00ed nosn\u00edk, nebo tr\u00e1m ve st\u0159e\u0161e. Kom\u00edn je v\u00e1hov\u011b t\u011b\u017e\u0161\u00ed, proto je nutn\u00e9 stav\u011bt na betonov\u00e9m z\u00e1kladu. Vnit\u0159n\u00ed vlo\u017eka m\u016f\u017ee b\u00fdt nap\u0159\u00edklad nerezov\u00e1 nebo \u0161amotov\u00e1. Izolace vlo\u017eky je vkl\u00e1d\u00e1na mezi vlo\u017eku a kom\u00ednovou tv\u00e1rnici. T\u0159\u00edvrstv\u00e9 kom\u00edny Kom\u00edn [&hellip;]<\/p>\n","protected":false},"author":1,"featured_media":0,"parent":0,"menu_order":0,"comment_status":"closed","ping_status":"closed","template":"","meta":{"footnotes":""},"class_list":["post-42","page","type-page","status-publish","hentry"],"_links":{"self":[{"href":"https:\/\/kominycinke.cz\/index.php?rest_route=\/wp\/v2\/pages\/42","targetHints":{"allow":["GET"]}}],"collection":[{"href":"https:\/\/kominycinke.cz\/index.php?rest_route=\/wp\/v2\/pages"}],"about":[{"href":"https:\/\/kominycinke.cz\/index.php?rest_route=\/wp\/v2\/types\/page"}],"author":[{"embeddable":true,"href":"https:\/\/kominycinke.cz\/index.php?rest_route=\/wp\/v2\/users\/1"}],"replies":[{"embeddable":true,"href":"https:\/\/kominycinke.cz\/index.php?rest_route=%2Fwp%2Fv2%2Fcomments&post=42"}],"version-history":[{"count":12,"href":"https:\/\/kominycinke.cz\/index.php?rest_route=\/wp\/v2\/pages\/42\/revisions"}],"predecessor-version":[{"id":154,"href":"https:\/\/kominycinke.cz\/index.php?rest_route=\/wp\/v2\/pages\/42\/revisions\/154"}],"wp:attachment":[{"href":"https:\/\/kominycinke.cz\/index.php?rest_route=%2Fwp%2Fv2%2Fmedia&parent=42"}],"curies":[{"name":"wp","href":"https:\/\/api.w.org\/{rel}","templated":true}]}}