{"id":62,"date":"2020-03-31T21:45:14","date_gmt":"2020-03-31T19:45:14","guid":{"rendered":"http:\/\/kominycinke.cz\/?page_id=62"},"modified":"2020-07-19T11:45:24","modified_gmt":"2020-07-19T09:45:24","slug":"kontakt","status":"publish","type":"page","link":"https:\/\/kominycinke.cz\/?page_id=62","title":{"rendered":"Kontakt"},"content":{"rendered":"\n<p>\nDavid Cinke<br>\nN\u00e1chodsk\u00e1 200<br>\n\u010cerven\u00fd Kostelec<br>\n549 41\n<\/p>\n<p>\nMobil: 775 725 989<br>\nE-mail: <a href=\"mailto:david@kominycinke.cz\">david@kominycinke.cz<\/a><br>\nI\u010c: 755 456 08\n<\/p>\n\n\n\n<p><\/p>\n","protected":false},"excerpt":{"rendered":"<p>David Cinke N\u00e1chodsk\u00e1 200 \u010cerven\u00fd Kostelec 549 41 Mobil: 775 725 989 E-mail: david@kominycinke.cz I\u010c: 755 456 08<\/p>\n","protected":false},"author":1,"featured_media":0,"parent":0,"menu_order":0,"comment_status":"closed","ping_status":"closed","template":"","meta":{"footnotes":""},"class_list":["post-62","page","type-page","status-publish","hentry"],"_links":{"self":[{"href":"https:\/\/kominycinke.cz\/index.php?rest_route=\/wp\/v2\/pages\/62","targetHints":{"allow":["GET"]}}],"collection":[{"href":"https:\/\/kominycinke.cz\/index.php?rest_route=\/wp\/v2\/pages"}],"about":[{"href":"https:\/\/kominycinke.cz\/index.php?rest_route=\/wp\/v2\/types\/page"}],"author":[{"embeddable":true,"href":"https:\/\/kominycinke.cz\/index.php?rest_route=\/wp\/v2\/users\/1"}],"replies":[{"embeddable":true,"href":"https:\/\/kominycinke.cz\/index.php?rest_route=%2Fwp%2Fv2%2Fcomments&post=62"}],"version-history":[{"count":8,"href":"https:\/\/kominycinke.cz\/index.php?rest_route=\/wp\/v2\/pages\/62\/revisions"}],"predecessor-version":[{"id":143,"href":"https:\/\/kominycinke.cz\/index.php?rest_route=\/wp\/v2\/pages\/62\/revisions\/143"}],"wp:attachment":[{"href":"https:\/\/kominycinke.cz\/index.php?rest_route=%2Fwp%2Fv2%2Fmedia&parent=62"}],"curies":[{"name":"wp","href":"https:\/\/api.w.org\/{rel}","templated":true}]}}